{"id":4330,"date":"2026-03-17T18:12:37","date_gmt":"2026-03-17T18:12:37","guid":{"rendered":"https:\/\/www.zgi.eu\/hr\/?page_id=4330"},"modified":"2026-03-19T10:57:52","modified_gmt":"2026-03-19T10:57:52","slug":"karijera","status":"publish","type":"page","link":"https:\/\/www.zgi.eu\/hr\/karijera\/","title":{"rendered":"Karijera"},"content":{"rendered":"\t\t<div data-elementor-type=\"wp-page\" data-elementor-id=\"4330\" class=\"elementor elementor-4330\">\n\t\t\t\t\t\t\t<div class=\" elementor-element elementor-element-c4e7238 elementor-hidden-desktop elementor-hidden-laptop elementor-hidden-tablet_extra elementor-hidden-tablet elementor-hidden-mobile e-flex e-con-boxed e-con e-parent\" data-id=\"c4e7238\" data-element_type=\"container\">\r\n\t\t\t\t\t\t\t<div class=\"e-con-inner\">\r\n\t\t\t\t\t\t\t<div class=\" elementor-element elementor-element-4dfd830 e-con-full e-flex e-con e-child\" data-id=\"4dfd830\" data-element_type=\"container\">\r\n\t\t\t\t\t<div class=\"elementor-element elementor-element-81c6879 elementor-widget elementor-widget-heading\" data-id=\"81c6879\" data-element_type=\"widget\" data-widget_type=\"heading.default\">\n\t\t\t\t<div class=\"elementor-widget-container\">\n\t\t\t\t\t<h2 class=\"elementor-heading-title elementor-size-default\">Alkotestiranje<\/h2>\t\t\t\t<\/div>\n\t\t\t\t<\/div>\n\t\t\t\t<div class=\"elementor-element elementor-element-c9094ba elementor-widget elementor-widget-text-editor\" data-id=\"c9094ba\" data-element_type=\"widget\" data-widget_type=\"text-editor.default\">\n\t\t\t\t<div class=\"elementor-widget-container\">\n\t\t\t\t\t\t\t\t\t<p>Osiguravamo pouzdano alkotestiranje zaposlenika u skladu sa Zakonom o za\u0161titi na radu, uz minimalan prekid radnog procesa i po\u0161tivanje privatnosti.<\/p>\t\t\t\t\t\t\t\t<\/div>\n\t\t\t\t<\/div>\n\t\t\t\t<div class=\"elementor-element elementor-element-2f9fcf1 elementor-widget elementor-widget-heading\" data-id=\"2f9fcf1\" data-element_type=\"widget\" data-widget_type=\"heading.default\">\n\t\t\t\t<div class=\"elementor-widget-container\">\n\t\t\t\t\t<h2 class=\"elementor-heading-title elementor-size-default\">Na\u0161e usluge:<\/h2>\t\t\t\t<\/div>\n\t\t\t\t<\/div>\n\t\t\t\t<div class=\"elementor-element elementor-element-30086d5 elementor-icon-list--layout-traditional elementor-invisible elementor-widget elementor-widget-udesign_widget_iconlist\" data-id=\"30086d5\" data-element_type=\"widget\" data-settings=\"{&quot;_animation&quot;:&quot;fadeInUpShorter&quot;,&quot;_animation_delay&quot;:800}\" data-widget_type=\"udesign_widget_iconlist.default\">\n\t\t\t\t<div class=\"elementor-widget-container\">\n\t\t\t\t\t<ul class=\"elementor-icon-list-items\">\r\n\t\t\t<li class=\"elementor-icon-list-item elementor-repeater-item-edc5c0b\">\r\n\t\t\t\t\t\t\t<span class=\"elementor-icon-list-icon\">\r\n\t\t\t\t<svg aria-hidden=\"true\" class=\"e-font-icon-svg e-far-circle\" viewBox=\"0 0 512 512\" xmlns=\"http:\/\/www.w3.org\/2000\/svg\"><path d=\"M256 8C119 8 8 119 8 256s111 248 248 248 248-111 248-248S393 8 256 8zm0 448c-110.5 0-200-89.5-200-200S145.5 56 256 56s200 89.5 200 200-89.5 200-200 200z\"><\/path><\/svg>\t\t\t\t<\/span>\r\n\t\t\t\t\t\t<span class=\"elementor-icon-list-text\">Alkotestiranje na radnom mjestu \u2013 Stru\u010dno osoblje provodi provjere u redovitim i izvanrednim situacijama.<\/span>\r\n\t\t\t\t\t\t\t\t<\/li>\r\n\t\t\t\t<li class=\"elementor-icon-list-item elementor-repeater-item-950cef5\">\r\n\t\t\t\t\t\t\t<span class=\"elementor-icon-list-icon\">\r\n\t\t\t\t<svg aria-hidden=\"true\" class=\"e-font-icon-svg e-far-circle\" viewBox=\"0 0 512 512\" xmlns=\"http:\/\/www.w3.org\/2000\/svg\"><path d=\"M256 8C119 8 8 119 8 256s111 248 248 248 248-111 248-248S393 8 256 8zm0 448c-110.5 0-200-89.5-200-200S145.5 56 256 56s200 89.5 200 200-89.5 200-200 200z\"><\/path><\/svg>\t\t\t\t<\/span>\r\n\t\t\t\t\t\t<span class=\"elementor-icon-list-text\">Iznajmljivanje profesionalnih alkotestera \u2013 Dostava ure\u0111aja za interne provjere uz osposobljeno osoblje.<\/span>\r\n\t\t\t\t\t\t\t\t<\/li>\r\n\t\t<\/ul>\r\n\t\t\t\t<\/div>\n\t\t\t\t<\/div>\n\t\t\t\t<div class=\"elementor-element elementor-element-08020b3 elementor-widget elementor-widget-text-editor\" data-id=\"08020b3\" data-element_type=\"widget\" data-widget_type=\"text-editor.default\">\n\t\t\t\t<div class=\"elementor-widget-container\">\n\t\t\t\t\t\t\t\t\t<p>ZGI d.o.o. poma\u017ee tvrtkama u odr\u017eavanju sigurnog i produktivnog radnog okru\u017eenja. <strong>Kontaktirajte nas i osigurajte sigurnost na radu!<\/strong><\/p>\t\t\t\t\t\t\t\t<\/div>\n\t\t\t\t<\/div>\n\t\t\r\n\t\t\t<\/div>\r\n\t\t\t\t\t\t<div class=\" elementor-element elementor-element-90d3b10 e-con-full e-flex e-con e-child\" data-id=\"90d3b10\" data-element_type=\"container\">\r\n\t\t\t\t\t<div class=\"elementor-element elementor-element-faf67fe elementor-widget elementor-widget-image\" data-id=\"faf67fe\" data-element_type=\"widget\" data-widget_type=\"image.default\">\n\t\t\t\t<div class=\"elementor-widget-container\">\n\t\t\t\t\t\t\t\t\t\t\t\t\t\t\t<img fetchpriority=\"high\" decoding=\"async\" width=\"826\" height=\"711\" src=\"https:\/\/www.zgi.eu\/hr\/wp-content\/uploads\/2025\/12\/alkotestiranje2.jpg\" class=\"attachment-full size-full wp-image-4116\" alt=\"\" srcset=\"https:\/\/www.zgi.eu\/hr\/wp-content\/uploads\/2025\/12\/alkotestiranje2.jpg 826w, https:\/\/www.zgi.eu\/hr\/wp-content\/uploads\/2025\/12\/alkotestiranje2-768x661.jpg 768w\" sizes=\"(max-width: 826px) 100vw, 826px\" \/>\t\t\t\t\t\t\t\t\t\t\t\t\t\t\t<\/div>\n\t\t\t\t<\/div>\n\t\t\r\n\t\t\t<\/div>\r\n\t\t\t\t\t\t\t<\/div>\r\n\t\t\t\t\r\n\t\t\t<\/div>\r\n\t\t\t\t\t\t<div class=\" elementor-element elementor-element-ad67435 e-flex e-con-boxed e-con e-parent\" data-id=\"ad67435\" data-element_type=\"container\">\r\n\t\t\t\t\t\t\t<div class=\"e-con-inner\">\r\n\t\t\t\t\t\t<div class=\"elementor-element elementor-element-0fa6b01 elementor-widget elementor-widget-udesign_widget_posts elementor-widget-theme-post-content\" data-id=\"0fa6b01\" data-element_type=\"widget\" data-widget_type=\"udesign_widget_posts.default\">\n\t\t\t\t<div class=\"elementor-widget-container\">\n\t\t\t\t\t<div class=\"posts  row cols-lg-3 cols-md-3 cols-sm-2 cols-1 posts row cols-lg-3 cols-md-3 cols-sm-2 cols-1\" data-post-type=\"default\">\r\n<div class=\"post-wrap \" data-post-image=\"alpha-post-small\">\r\n\r\n\t\r\n\t<article class=\"post-4360 post type-post status-publish format-standard has-post-thumbnail hentry category-posao post overlay-zoom  post-default\">\r\n\t\t\t\t\t<figure class=\"post-media\">\r\n\t\t\t\t<a href=\"https:\/\/www.zgi.eu\/hr\/senior-inzenjer-zastite-na-radu-u-odjelu-inzenjeringa-m-z\/\" aria-label=\"Post Media\">\r\n\t\t\t\t\t<img decoding=\"async\" width=\"400\" height=\"280\" src=\"https:\/\/www.zgi.eu\/hr\/wp-content\/uploads\/2026\/03\/blog-5-400x280.jpg\" class=\"attachment-alpha-post-small size-alpha-post-small wp-post-image\" alt=\"\" \/>\t\t\t\t<\/a>\r\n\t\t\t<\/figure>\r\n\t\t\t<div class=\"post-details\">\r\n\t<a class=\"post-date\" href=\"https:\/\/www.zgi.eu\/hr\/2026\/03\/18\/\">\r\n\t18\/03\/2026<\/a>\r\n<div class=\"post-cats\"><a href=\"https:\/\/www.zgi.eu\/hr\/category\/posao\/\" rel=\"category tag\">Posao<\/a><\/div><h3 class=\"post-title\">\r\n\t<a href=\"https:\/\/www.zgi.eu\/hr\/senior-inzenjer-zastite-na-radu-u-odjelu-inzenjeringa-m-z\/\">\r\n\t\tSenior in\u017eenjer za\u0161tite na radu u odjelu In\u017eenjeringa (m\/\u017e)\t<\/a>\r\n<\/h3>\r\n<div class=\"post-content\">\r\n\t<p>Prijava vrijedi do: 27. 03. 2026. Lokacija rada: Split Opis poslaZbog kontinuiranog rasta i \u0161irenja&hellip;<\/p><\/div>\r\n<div class=\"post-meta\">\r\n\t<div class=\"post-author\">\r\n\t\tby <a href=\"https:\/\/www.zgi.eu\/hr\/author\/mozgi\/\" title=\"Posts by mozgi\" rel=\"author\">mozgi<\/a>\t<\/div>\r\n\t<a href=\"#\" class=\"vote-link like\" data-count=\"0\" data-id=\"4360\">0<\/a>\r\n\t<\/div>\r\n<\/div>\r\n\t<\/article>\r\n\r\n\t\r\n<\/div>\r\n\r\n\r\n<div class=\"post-wrap \" data-post-image=\"alpha-post-small\">\r\n\r\n\t\r\n\t<article class=\"post-4336 post type-post status-publish format-standard has-post-thumbnail hentry category-posao post overlay-zoom  post-default\">\r\n\t\t\t\t\t<figure class=\"post-media\">\r\n\t\t\t\t<a href=\"https:\/\/www.zgi.eu\/hr\/senior-inzenjer-zastite-na-radu-u-odjelu-esga-m-z\/\" aria-label=\"Post Media\">\r\n\t\t\t\t\t<img decoding=\"async\" width=\"400\" height=\"280\" src=\"https:\/\/www.zgi.eu\/hr\/wp-content\/uploads\/2026\/03\/blog-4-400x280.jpg\" class=\"attachment-alpha-post-small size-alpha-post-small wp-post-image\" alt=\"\" \/>\t\t\t\t<\/a>\r\n\t\t\t<\/figure>\r\n\t\t\t<div class=\"post-details\">\r\n\t<a class=\"post-date\" href=\"https:\/\/www.zgi.eu\/hr\/2026\/03\/17\/\">\r\n\t17\/03\/2026<\/a>\r\n<div class=\"post-cats\"><a href=\"https:\/\/www.zgi.eu\/hr\/category\/posao\/\" rel=\"category tag\">Posao<\/a><\/div><h3 class=\"post-title\">\r\n\t<a href=\"https:\/\/www.zgi.eu\/hr\/senior-inzenjer-zastite-na-radu-u-odjelu-esga-m-z\/\">\r\n\t\tSenior in\u017eenjer za\u0161tite na radu u odjelu ESGa (m\/\u017e)\t<\/a>\r\n<\/h3>\r\n<div class=\"post-content\">\r\n\t<p>Prijava vrijedi do: 27. 03. 2026. Lokacija rada: Zagreb Opis posla Zbog rasta i \u0161irenja&hellip;<\/p><\/div>\r\n<div class=\"post-meta\">\r\n\t<div class=\"post-author\">\r\n\t\tby <a href=\"https:\/\/www.zgi.eu\/hr\/author\/zgi\/\" title=\"Posts by ZGI d.o.o.\" rel=\"author\">ZGI d.o.o.<\/a>\t<\/div>\r\n\t<a href=\"#\" class=\"vote-link like\" data-count=\"0\" data-id=\"4336\">0<\/a>\r\n\t<\/div>\r\n<\/div>\r\n\t<\/article>\r\n\r\n\t\r\n<\/div>\r\n\r\n<\/div>\t\t\t\t<\/div>\n\t\t\t\t<\/div>\n\t\t\t\t\t\t<\/div>\r\n\t\t\t\t\r\n\t\t\t<\/div>\r\n\t\t\t\t\t<\/div>\n\t\t","protected":false},"excerpt":{"rendered":"<p>Alkotestiranje Osiguravamo pouzdano alkotestiranje zaposlenika u skladu sa Zakonom o za\u0161titi na radu, uz minimalan prekid radnog procesa i po\u0161tivanje privatnosti. Na\u0161e usluge: Alkotestiranje na radnom mjestu \u2013 Stru\u010dno osoblje provodi provjere u redovitim i izvanrednim situacijama. Iznajmljivanje profesionalnih alkotestera \u2013 Dostava ure\u0111aja za interne provjere uz osposobljeno osoblje. ZGI d.o.o. poma\u017ee tvrtkama u odr\u017eavanju [&hellip;]<\/p>\n","protected":false},"author":1,"featured_media":0,"parent":0,"menu_order":0,"comment_status":"closed","ping_status":"closed","template":"","meta":{"_acf_changed":false,"footnotes":""},"class_list":["post-4330","page","type-page","status-publish","hentry"],"acf":[],"_links":{"self":[{"href":"https:\/\/www.zgi.eu\/hr\/wp-json\/wp\/v2\/pages\/4330","targetHints":{"allow":["GET"]}}],"collection":[{"href":"https:\/\/www.zgi.eu\/hr\/wp-json\/wp\/v2\/pages"}],"about":[{"href":"https:\/\/www.zgi.eu\/hr\/wp-json\/wp\/v2\/types\/page"}],"author":[{"embeddable":true,"href":"https:\/\/www.zgi.eu\/hr\/wp-json\/wp\/v2\/users\/1"}],"replies":[{"embeddable":true,"href":"https:\/\/www.zgi.eu\/hr\/wp-json\/wp\/v2\/comments?post=4330"}],"version-history":[{"count":14,"href":"https:\/\/www.zgi.eu\/hr\/wp-json\/wp\/v2\/pages\/4330\/revisions"}],"predecessor-version":[{"id":4371,"href":"https:\/\/www.zgi.eu\/hr\/wp-json\/wp\/v2\/pages\/4330\/revisions\/4371"}],"wp:attachment":[{"href":"https:\/\/www.zgi.eu\/hr\/wp-json\/wp\/v2\/media?parent=4330"}],"curies":[{"name":"wp","href":"https:\/\/api.w.org\/{rel}","templated":true}]}}